{"id":719,"date":"2017-11-10T20:42:02","date_gmt":"2017-11-10T19:42:02","guid":{"rendered":"http:\/\/it035122.uni-graz.at\/edidactics2\/?page_id=719"},"modified":"2026-03-30T11:40:16","modified_gmt":"2026-03-30T09:40:16","slug":"vortragende","status":"publish","type":"page","link":"https:\/\/edidactics.at\/?page_id=719","title":{"rendered":"Vortragende"},"content":{"rendered":"<div class=\"wp-block-image\">\n<figure class=\"alignleft\"><a href=\"https:\/\/edidactics.at\/wp-content\/uploads\/2019\/09\/adams_150x200.jpg\"><img decoding=\"async\" src=\"https:\/\/edidactics.at\/wp-content\/uploads\/2019\/09\/adams_150x200.jpg\" alt=\"\" class=\"wp-image-1331\"\/><\/a><\/figure>\n<\/div>\n\n\n<p id=\"adams\"><strong>Simone Adams<\/strong><\/p>\n\n\n\n<p>Universit\u00e4t Graz<\/p>\n\n\n\n<p>MMag.<sup>a<\/sup> Dr.<sup>in<\/sup> Simone Adams leitet den Fachbereich f\u00fcr Mediendidaktik am Zentrum f\u00fcr digitales Lehren und Lernen der Karl-Franzens-Universit\u00e4t Graz. Als Mediendidaktikerin besch\u00e4ftigt sich vorwiegend mit dem sinnvollen Einsatz von digitalen Medien in der (Hochschul-)Lehre sowie digitaler Barrierefreiheit und Inklusion. Als promovierte Amerikanistin lehrt und forscht sie auch schon seit Jahren zu Themen rund um Diversit\u00e4t.<br><br clear=\"all\"><\/p>\n\n\n<div class=\"wp-block-image\">\n<figure class=\"alignleft\"><a href=\"https:\/\/edidactics.at\/wp-content\/uploads\/2021\/02\/archan_150x200.jpg\"><img decoding=\"async\" src=\"https:\/\/edidactics.at\/wp-content\/uploads\/2021\/02\/archan_150x200.jpg\" alt=\"\" class=\"wp-image-1331\"\/><\/a><\/figure>\n<\/div>\n\n\n<p id=\"archan\"><strong>Dagmar Archan<\/strong><\/p>\n\n\n\n<p>FH CAMPUS 02<\/p>\n\n\n\n<p>FH-Prof.<sup>in<\/sup> MMag.<sup>a<\/sup> Dr.<sup>in<\/sup> Dagmar Archan ist seit mehr als zehn Jahren hauptberuflich Lehrende an der FH CAMPUS 02 und dissertierte zum Thema Blended Learning. Seit 2019 leitet sie das Zentrum f\u00fcr Hochschuldidaktik der FH CAMPUS 02. Ihr besonderes Interesse gilt der Erforschung und Umsetzung digitaler Lehr- und Lernszenarien.<br><small>(Foto \u00a9 Daniel Gossmann)<\/small><br><br clear=\"all\"><\/p>\n\n\n<div class=\"wp-block-image\">\n<figure class=\"alignleft\"><a href=\"https:\/\/edidactics.at\/wp-content\/uploads\/2019\/07\/Antretter_150x200.png\"><img loading=\"lazy\" decoding=\"async\" width=\"150\" height=\"200\" src=\"https:\/\/edidactics.at\/wp-content\/uploads\/2019\/07\/Antretter_150x200.png\" alt=\"\" class=\"wp-image-1331\"\/><\/a><\/figure>\n<\/div>\n\n\n<p id=\"antretter\"><strong>Thomas Antretter<\/strong><\/p>\n\n\n\n<p>Montanuniversit\u00e4t Leoben<\/p>\n\n\n\n<p>Studium des Allgemeinen Maschinenbaus der TU-Wien, danach Doktorat (1998) und Habilitation im Fach Werkstoffmechanik an der Montanuniversit\u00e4t Leoben (2004), seit 2010 Leiter des Instituts f\u00fcr Mechanik (IfM) an der Montanuniversit\u00e4t Leoben. Das IfM wickelt pro Jahr etwa 3000 Pr\u00fcfungen ab und setzt dabei unterschiedlichste Pr\u00fcfungsformate ein (m\u00fcndlich, Multiple Choice, klassische Rechenaufgaben). Ein Teil davon wird elektronisch abgewickelt.<br><br clear=\"all\"><\/p>\n\n\n<div class=\"wp-block-image\">\n<figure class=\"alignleft\"><a href=\"https:\/\/edidactics.at\/wp-content\/uploads\/2018\/01\/Dorfinger_150x200.jpg\"><img decoding=\"async\" src=\"https:\/\/edidactics.at\/wp-content\/uploads\/2018\/01\/Dorfinger_150x200.jpg\" alt=\"\" class=\"wp-image-790\"\/><\/a><\/figure>\n<\/div>\n\n\n<p id=\"dorfinger\"><strong>Johannes Dorfinger<\/strong><\/p>\n\n\n\n<p>P\u00e4dagogischen Hochschule Steiermark<\/p>\n\n\n\n<p>Prof. Mag. Dr. Johannes Dorfinger ist Medienp\u00e4dagoge an der P\u00e4dagogischen Hochschule Steiermark. Er besch\u00e4ftigt sich intensiv mit medienp\u00e4dagogischen Unterrichtsszenarien der Sekundarstufe Allgemeinbildung und der Sekundarstufe Berufsbildung. Au\u00dferdem engagiert er sich beim Campus-Radio <a href=\"https:\/\/www.radioigel.at\/\" target=\"_blank\" rel=\"noopener noreferrer\">www.radioigel.at<\/a> und beim Campus-TV <a href=\"https:\/\/www.igeltv.at\/\" target=\"_blank\" rel=\"noopener noreferrer\">www.igeltv.at<\/a>.<br><br><br><br><br><\/p>\n\n\n<div class=\"wp-block-image\">\n<figure class=\"alignleft\"><a href=\"https:\/\/edidactics.at\/wp-content\/uploads\/2021\/09\/kandlbauer_150x200.jpg\"><img decoding=\"async\" src=\"https:\/\/edidactics.at\/wp-content\/uploads\/2021\/09\/kandlbauer_150x200.jpg\" alt=\"\" class=\"wp-image-789\"\/><\/a><\/figure>\n<\/div>\n\n\n<p id=\"kandlbauer\"><strong>Peter Kandlbauer<\/strong><\/p>\n\n\n\n<p>PPH Augustinum<\/p>\n\n\n\n<p>Peter Kandlbauer ist Mitarbeiter in der Koordinationsstelle f\u00fcr neue Medien und digitale Kompetenz an der PPH Augustinum. Sein Schwerpunkt liegt im Bereich Einsatz von Lernplattformen und mobile devices im Unterricht.<br><br clear=\"all\"><\/p>\n\n\n<div class=\"wp-block-image\">\n<figure class=\"alignleft\"><a href=\"https:\/\/edidactics.at\/wp-content\/uploads\/2019\/11\/lanzinger_150x200.png\"><img decoding=\"async\" src=\"https:\/\/edidactics.at\/wp-content\/uploads\/2019\/11\/lanzinger_150x200.png\" alt=\"\" class=\"wp-image-789\"\/><\/a><\/figure>\n<\/div>\n\n\n<p id=\"lanzinger\"><strong>Michael Lanzinger<\/strong><\/p>\n\n\n\n<p>Rechtsanwalt Mag. Michael Lanzinger hat seinen Kanzleisitz in Wels (O\u00d6) mit Schwerpunkten auf Strafrecht, Cybercrime und Onlinerecht inkl. Datenschutz. Nach seinem Studium der Rechtswissenschaften an der JKU Linz hat er Erfahrungen im Bereich eLearning am Institut f\u00fcr Multimediale Linzer Rechtsstudien gesammelt. Er ist externer Lektor an der KU Graz, Lehrender am WiFi Ober\u00f6sterreich, der ARS sowie bei der Anwaltsakademie, weiters Vortragender im Bereich Zivil- und Urheberrecht, insbesondere im Bereich eLearning und Creative Commons. Auch ist er Mitglied der LawBusters.<br><br clear=\"all\"><\/p>\n\n\n<div class=\"wp-block-image\">\n<figure class=\"alignleft\"><a href=\"https:\/\/edidactics.at\/wp-content\/uploads\/2019\/09\/levc_150x200.jpg\"><img decoding=\"async\" src=\"https:\/\/edidactics.at\/wp-content\/uploads\/2019\/09\/levc_150x200.jpg\" alt=\"\" class=\"wp-image-1331\"\/><\/a><\/figure>\n<\/div>\n\n\n<p id=\"levc\"><strong>Barbara Levc<\/strong><\/p>\n\n\n\n<p>Universit\u00e4t Graz<\/p>\n\n\n\n<p>Mag.<sup>a<\/sup> Barbara Levc ist Leiterin des Zentrum Integriert Studieren an der Karl-Franzens-Universit\u00e4t Graz. Ihr dortiger Arbeitsschwerpunkt ist die Beratung von Studierenden mit Beeintr\u00e4chtigung und die Barrierefreiheit der Universit\u00e4tsinfrastruktur. Weiters lehrt sie an der P\u00e4dagogischen Hochschule Steiermark zu den Themen Diversit\u00e4t und Inklusion sowie Sehbeeintr\u00e4chtigung\/Blindheit im schulischen Kontext.<br><br clear=\"all\"><\/p>\n\n\n<div class=\"wp-block-image\">\n<figure class=\"alignleft\"><a href=\"https:\/\/edidactics.at\/wp-content\/uploads\/2022\/02\/nagler_150x200.png\"><img decoding=\"async\" src=\"https:\/\/edidactics.at\/wp-content\/uploads\/2022\/02\/nagler_150x200.png\" alt=\"\" class=\"wp-image-1331\"\/><\/a><\/figure>\n<\/div>\n\n\n<p id=\"nagler\"><strong>Walther Nagler<\/strong><\/p>\n\n\n\n<p>TU Graz<\/p>\n\n\n\n<p>Mag. Walther Nagler arbeitet seit \u00fcber 20 Jahren an der Technischen Universit\u00e4t Graz im Bereich E-Learning und freut sich, elf Mitarbeitende in seinem Team &#8222;Instructional Design&#8220; eingebettet in der OE Lehr- und Lerntechnologien f\u00fchren zu d\u00fcrfen. Mediendidaktische Agenden, Aufgaben des t\u00e4glichen Supports im Lehrbetrieb, Herausforderungen im jungen Feld des Learning Experience Design und Social-Media-Auftritte der OE sind die zentralen Service-Leistungen seines Teams und damit seines Managements.<br><br clear=\"all\"><\/p>\n\n\n<div class=\"wp-block-image\">\n<figure class=\"alignleft\"><a href=\"https:\/\/edidactics.at\/wp-content\/uploads\/2019\/07\/Orthaber_150x200.png\"><img loading=\"lazy\" decoding=\"async\" width=\"150\" height=\"200\" src=\"https:\/\/edidactics.at\/wp-content\/uploads\/2019\/07\/Orthaber_150x200.png\" alt=\"\" class=\"wp-image-1332\"\/><\/a><\/figure>\n<\/div>\n\n\n<p id=\"orthaber\"><strong>Markus Orthaber<\/strong><\/p>\n\n\n\n<p>Montanuniversit\u00e4t Leoben<\/p>\n\n\n\n<p>Markus Orthaber ist Senior Lecturer am Institut f\u00fcr Mechanik an der Montanuniversit\u00e4t Leoben und dort intensiv in den Lehr- und Pr\u00fcfungsbetrieb eingebunden. Er besch\u00e4ftigt sich seit Jahren ausf\u00fchrlich mit Blended Learning und Flipped Classroom Szenarien in der technischen Mechanik. Ein Spezialgebiet ist dabei das elektronische Pr\u00fcfen arbeitsintensiver Rechenbeispiele nicht nur in echten Pr\u00fcfungsszenarien, sondern auch in Form von Mastery-Test in der Flipped Classroom Lehre. Weitere Infos unter <a href=\"https:\/\/maomech.wordpress.com\/\" target=\"_blank\" rel=\"noopener noreferrer\">maomech.wordpress.com<\/a>.<br><br clear=\"all\"><\/p>\n\n\n<div class=\"wp-block-image\">\n<figure class=\"alignleft\"><a href=\"https:\/\/edidactics.at\/wp-content\/uploads\/2018\/03\/Sfiri_200x150.jpg\"><img decoding=\"async\" src=\"https:\/\/edidactics.at\/wp-content\/uploads\/2018\/03\/Sfiri_200x150.jpg\" alt=\"\" class=\"wp-image-790\"\/><\/a><\/figure>\n<\/div>\n\n\n<p id=\"sfiri\"><strong>Anastasia Sfiri<\/strong><\/p>\n\n\n\n<p>Fachhochschule Joanneum<\/p>\n\n\n\n<p>Anastasia Sfiri, MSc. BSc. hat Psychologie und Human Communication and Computing studiert und ist seit 2003 am ZML-Innovative Lernszenarien der FH JOANNEUM als E-Learning Expertin t\u00e4tig. Seit 2007 ist sie ausgebildete E-Moderatorin und verwendet den E-Moderationsansatz in der Lehre, bei Fortbildungen f\u00fcr Lehrende und der Konzeption, Entwicklung und Durchf\u00fchrung von Online-Kursen, sowie in zahlreichen nationalen und internationalen Projekten.<br><br clear=\"all\"><\/p>\n\n\n<div class=\"wp-block-image\">\n<figure class=\"alignleft size-full\"><img loading=\"lazy\" decoding=\"async\" width=\"150\" height=\"200\" src=\"https:\/\/edidactics.at\/wp-content\/uploads\/2024\/12\/mkt_150x200.jpg\" alt=\"\" class=\"wp-image-1751\"\/><\/figure>\n<\/div>\n\n\n<p id=\"mkt\"><strong>Magdalena Krieber-Tomantschger<\/strong><\/p>\n\n\n\n<p>Medizinische Universit\u00e4t Graz<\/p>\n\n\n\n<p>Magdalena Krieber-Tomantschger ist stellvertretende Leiterin der OE Studienmanagement an der Medizinischen Universit\u00e4t Graz und Leiterin des Fachbereichs \u201ePr\u00fcfungen administrieren\u201c. Zu ihren Aufgaben z\u00e4hlt die Weiterentwicklung eines standardisierten Pr\u00fcfungssystems, die Qualit\u00e4tssicherung von Pr\u00fcfungen und die Abhaltung von Weiterbildungen und Schulungen f\u00fcr Pr\u00fcfungsverantwortliche.<br><br clear=\"all\"><\/p>\n\n\n<div class=\"wp-block-image\">\n<figure class=\"alignleft\"><a href=\"https:\/\/edidactics.at\/wp-content\/uploads\/2018\/01\/Teufel_150x200.jpg\"><img decoding=\"async\" src=\"https:\/\/edidactics.at\/wp-content\/uploads\/2018\/01\/Teufel_150x200.jpg\" alt=\"\" class=\"wp-image-790\"\/><\/a><\/figure>\n<\/div>\n\n\n<p id=\"teufel\"><strong>Martin Teufel<\/strong><\/p>\n\n\n\n<p>P\u00e4dagogischen Hochschule Steiermark<\/p>\n\n\n\n<p>Martin Teufel leitet das Instituts f\u00fcr Digitale Kompetenz und Medienp\u00e4dagogik an der P\u00e4dagogischen Hochschule Steiermark und ist f\u00fcr die Entwicklung von p\u00e4dagogisch-didaktisch Konzepten f\u00fcr den Einsatz neuer Medien in Forschung und Lehre zust\u00e4ndig. Er lehrt und forscht in den Bereichen der IT und Medien, Fachdidaktik, Schulpraxis und mobilem Lernen.<\/p>\n\n\n\n<p><\/p>\n","protected":false},"excerpt":{"rendered":"<p><!-- wp:image {\"id\":1331,\"linkDestination\":\"custom\",\"align\":\"left\"} --><\/p>\n<figure class=\"wp-block-image alignleft\"><a href=\"https:\/\/edidactics.at\/wp-content\/uploads\/2019\/09\/adams_150x200.jpg\"><img decoding=\"async\" src=\"https:\/\/edidactics.at\/wp-content\/uploads\/2019\/09\/adams_150x200.jpg\" alt=\"\" class=\"wp-image-1331\"\/><\/a><\/figure>\n<p><!-- \/wp:image --><\/p>\n<p><!-- wp:paragraph --><\/p>\n<p id=\"adams\"><strong>Simone Adams<\/strong><\/p>\n<p><!-- \/wp:paragraph --><\/p>\n<p><!-- wp:paragraph --><\/p>\n<p>Universit\u00e4t Graz<\/p>\n<p><!-- \/wp:paragraph --><\/p>\n<p><!-- wp:paragraph --><\/p>\n<p>MMag.<sup>a<\/sup> Dr.<sup>in<\/sup> Simone Adams leitet den Fachbereich f\u00fcr Mediendidaktik am Zentrum f\u00fcr digitales Lehren und Lernen der Karl-Franzens-Universit\u00e4t Graz. Als Mediendidaktikerin besch\u00e4ftigt sich vorwiegend mit dem sinnvollen Einsatz von digitalen Medien in der (Hochschul-)Lehre sowie digitaler Barrierefreiheit und Inklusion. Als promovierte Amerikanistin lehrt und forscht sie auch schon seit Jahren zu Themen rund um Diversit\u00e4t.<br \/><br clear=\"all\"><\/p>\n<p><!-- \/wp:paragraph --><\/p>\n<p><!-- wp:image {\"id\":1331,\"linkDestination\":\"custom\",\"align\":\"left\"} --><\/p>\n<figure class=\"wp-block-image alignleft\"><a href=\"https:\/\/edidactics.at\/wp-content\/uploads\/2021\/02\/archan_150x200.jpg\"><img decoding=\"async\" src=\"https:\/\/edidactics.at\/wp-content\/uploads\/2021\/02\/archan_150x200.jpg\" alt=\"\" class=\"wp-image-1331\"\/><\/a><\/figure>\n<p><!-- \/wp:image --><\/p>\n<p><!-- wp:paragraph --><\/p>\n<p id=\"archan\"><strong>Dagmar Archan<\/strong><\/p>\n<p><!-- \/wp:paragraph --><\/p>\n<p><!-- wp:paragraph --><\/p>\n<p>FH CAMPUS 02<\/p>\n<p><!-- \/wp:paragraph --><\/p>\n<p><!-- wp:paragraph --><\/p>\n<p>FH-Prof.<sup>in<\/sup> MMag.<sup>a<\/sup> Dr.<sup>in<\/sup> Dagmar Archan ist seit mehr als zehn Jahren hauptberuflich Lehrende an der FH CAMPUS 02 und dissertierte zum Thema Blended Learning. Seit 2019 leitet sie das Zentrum f\u00fcr Hochschuldidaktik der FH CAMPUS 02. Ihr besonderes Interesse gilt der Erforschung und Umsetzung digitaler Lehr- und Lernszenarien.<br \/><small>(Foto \u00a9 Daniel Gossmann)<\/small><br \/><br clear=\"all\"><\/p>\n<p><!-- \/wp:paragraph --><\/p>\n<p><!-- wp:image {\"id\":1331,\"linkDestination\":\"custom\",\"align\":\"left\"} --><\/p>\n<figure class=\"wp-block-image alignleft\"><a href=\"https:\/\/edidactics.at\/wp-content\/uploads\/2019\/07\/Antretter_150x200.png\"><img loading=\"lazy\" decoding=\"async\" width=\"150\" height=\"200\" src=\"https:\/\/edidactics.at\/wp-content\/uploads\/2019\/07\/Antretter_150x200.png\" alt=\"\" class=\"wp-image-1331\"\/><\/a><\/figure>\n<p><!-- \/wp:image --><\/p>\n<p><!-- wp:paragraph --><\/p>\n<p id=\"antretter\"><strong>Thomas Antretter<\/strong><\/p>\n<p><!-- \/wp:paragraph --><\/p>\n<p><!-- wp:paragraph --><\/p>\n<p>Montanuniversit\u00e4t Leoben<\/p>\n<p><!-- \/wp:paragraph --><\/p>\n<p><!-- wp:paragraph --><\/p>\n<p>Studium des Allgemeinen Maschinenbaus der TU-Wien, danach Doktorat (1998) und Habilitation im Fach Werkstoffmechanik an der Montanuniversit\u00e4t Leoben (2004), seit 2010 Leiter des Instituts f\u00fcr Mechanik (IfM) an der Montanuniversit\u00e4t Leoben. Das IfM wickelt pro Jahr etwa 3000 Pr\u00fcfungen ab und setzt dabei unterschiedlichste Pr\u00fcfungsformate ein (m\u00fcndlich, Multiple Choice, klassische Rechenaufgaben). Ein Teil davon wird elektronisch abgewickelt.<br \/><br clear=\"all\"><\/p>\n<p><!-- \/wp:paragraph --><\/p>\n<p><!-- wp:image {\"id\":790,\"linkDestination\":\"custom\",\"align\":\"left\"} --><\/p>\n<figure class=\"wp-block-image alignleft\"><a href=\"https:\/\/edidactics.at\/wp-content\/uploads\/2018\/01\/Dorfinger_150x200.jpg\"><img decoding=\"async\" src=\"https:\/\/edidactics.at\/wp-content\/uploads\/2018\/01\/Dorfinger_150x200.jpg\" alt=\"\" class=\"wp-image-790\"\/><\/a><\/figure>\n<p><!-- \/wp:image --><\/p>\n<p><!-- wp:paragraph --><\/p>\n<p id=\"dorfinger\"><strong>Johannes Dorfinger<\/strong><\/p>\n<p><!-- \/wp:paragraph --><\/p>\n<p><!-- wp:paragraph --><\/p>\n<p>P\u00e4dagogischen Hochschule Steiermark<\/p>\n<p><!-- \/wp:paragraph --><\/p>\n<p><!-- wp:paragraph --><\/p>\n<p>Prof. Mag. Dr. Johannes Dorfinger ist Medienp\u00e4dagoge an der P\u00e4dagogischen Hochschule Steiermark. Er besch\u00e4ftigt sich intensiv mit medienp\u00e4dagogischen Unterrichtsszenarien der Sekundarstufe Allgemeinbildung und der Sekundarstufe Berufsbildung. Au\u00dferdem engagiert er sich beim Campus-Radio <a href=\"https:\/\/www.radioigel.at\/\" target=\"_blank\" rel=\"noopener noreferrer\">www.radioigel.at<\/a> und beim Campus-TV <a href=\"https:\/\/www.igeltv.at\/\" target=\"_blank\" rel=\"noopener noreferrer\">www.igeltv.at<\/a>.<\/p>\n<p><\/p>\n<p><!-- \/wp:paragraph --><\/p>\n<p><!-- wp:image {\"id\":789,\"linkDestination\":\"custom\",\"align\":\"left\"} --><\/p>\n<figure class=\"wp-block-image alignleft\"><a href=\"https:\/\/edidactics.at\/wp-content\/uploads\/2021\/09\/kandlbauer_150x200.jpg\"><img decoding=\"async\" src=\"https:\/\/edidactics.at\/wp-content\/uploads\/2021\/09\/kandlbauer_150x200.jpg\" alt=\"\" class=\"wp-image-789\"\/><\/a><\/figure>\n<p><!-- \/wp:image --><\/p>\n<p><!-- wp:paragraph --><\/p>\n<p id=\"kandlbauer\"><strong>Peter Kandlbauer<\/strong><\/p>\n<p><!-- \/wp:paragraph --><\/p>\n<p><!-- wp:paragraph --><\/p>\n<p>PPH Augustinum<\/p>\n<p><!-- \/wp:paragraph --><\/p>\n<p><!-- wp:paragraph --><\/p>\n<p>Peter Kandlbauer ist Mitarbeiter in der Koordinationsstelle f\u00fcr neue Medien und digitale Kompetenz an der PPH Augustinum. Sein Schwerpunkt liegt im Bereich Einsatz von Lernplattformen und mobile devices im Unterricht.<br \/><br clear=\"all\"><\/p>\n<p><!-- \/wp:paragraph --><\/p>\n<p><!-- wp:image {\"id\":789,\"linkDestination\":\"custom\",\"align\":\"left\"} --><\/p>\n<figure class=\"wp-block-image alignleft\"><a href=\"https:\/\/edidactics.at\/wp-content\/uploads\/2019\/11\/lanzinger_150x200.png\"><img decoding=\"async\" src=\"https:\/\/edidactics.at\/wp-content\/uploads\/2019\/11\/lanzinger_150x200.png\" alt=\"\" class=\"wp-image-789\"\/><\/a><\/figure>\n<p><!-- \/wp:image --><\/p>\n<p><!-- wp:paragraph --><\/p>\n<p id=\"lanzinger\"><strong>Michael Lanzinger<\/strong><\/p>\n<p><!-- \/wp:paragraph --><\/p>\n<p><!-- wp:paragraph --><\/p>\n<p>Rechtsanwalt Mag. Michael Lanzinger hat seinen Kanzleisitz in Wels (O\u00d6) mit Schwerpunkten auf Strafrecht, Cybercrime und Onlinerecht inkl. Datenschutz. Nach seinem Studium der Rechtswissenschaften an der JKU Linz hat er Erfahrungen im Bereich eLearning am Institut f\u00fcr Multimediale Linzer Rechtsstudien gesammelt. Er ist externer Lektor an der KU Graz, Lehrender am WiFi Ober\u00f6sterreich, der ARS sowie bei der Anwaltsakademie, weiters Vortragender im Bereich Zivil- und Urheberrecht, insbesondere im Bereich eLearning und Creative Commons. Auch ist er Mitglied der LawBusters.<br \/><br clear=\"all\"><\/p>\n<p><!-- \/wp:paragraph --><\/p>\n<p><!-- wp:image {\"id\":1331,\"linkDestination\":\"custom\",\"align\":\"left\"} --><\/p>\n<figure class=\"wp-block-image alignleft\"><a href=\"https:\/\/edidactics.at\/wp-content\/uploads\/2019\/09\/levc_150x200.jpg\"><img decoding=\"async\" src=\"https:\/\/edidactics.at\/wp-content\/uploads\/2019\/09\/levc_150x200.jpg\" alt=\"\" class=\"wp-image-1331\"\/><\/a><\/figure>\n<p><!-- \/wp:image --><\/p>\n<p><!-- wp:paragraph --><\/p>\n<p id=\"levc\"><strong>Barbara Levc<\/strong><\/p>\n<p><!-- \/wp:paragraph --><\/p>\n<p><!-- wp:paragraph --><\/p>\n<p>Universit\u00e4t Graz<\/p>\n<p><!-- \/wp:paragraph --><\/p>\n<p><!-- wp:paragraph --><\/p>\n<p>Mag.<sup>a<\/sup> Barbara Levc ist Leiterin des Zentrum Integriert Studieren an der Karl-Franzens-Universit\u00e4t Graz. Ihr dortiger Arbeitsschwerpunkt ist die Beratung von Studierenden mit Beeintr\u00e4chtigung und die Barrierefreiheit der Universit\u00e4tsinfrastruktur. Weiters lehrt sie an der P\u00e4dagogischen Hochschule Steiermark zu den Themen Diversit\u00e4t und Inklusion sowie Sehbeeintr\u00e4chtigung\/Blindheit im schulischen Kontext.<br \/><br clear=\"all\"><\/p>\n<p><!-- \/wp:paragraph --><\/p>\n<p><!-- wp:image {\"id\":1331,\"linkDestination\":\"custom\",\"align\":\"left\"} --><\/p>\n<figure class=\"wp-block-image alignleft\"><a href=\"https:\/\/edidactics.at\/wp-content\/uploads\/2022\/02\/nagler_150x200.png\"><img decoding=\"async\" src=\"https:\/\/edidactics.at\/wp-content\/uploads\/2022\/02\/nagler_150x200.png\" alt=\"\" class=\"wp-image-1331\"\/><\/a><\/figure>\n<p><!-- \/wp:image --><\/p>\n<p><!-- wp:paragraph --><\/p>\n<p id=\"nagler\"><strong>Walther Nagler<\/strong><\/p>\n<p><!-- \/wp:paragraph --><\/p>\n<p><!-- wp:paragraph --><\/p>\n<p>TU Graz<\/p>\n<p><!-- \/wp:paragraph --><\/p>\n<p><!-- wp:paragraph --><\/p>\n<p>Mag. Walther Nagler arbeitet seit \u00fcber 20 Jahren an der Technischen Universit\u00e4t Graz im Bereich E-Learning und freut sich, elf Mitarbeitende in seinem Team &#8222;Instructional Design&#8220; eingebettet in der OE Lehr- und Lerntechnologien f\u00fchren zu d\u00fcrfen. Mediendidaktische Agenden, Aufgaben des t\u00e4glichen Supports im Lehrbetrieb, Herausforderungen im jungen Feld des Learning Experience Design und Social-Media-Auftritte der OE sind die zentralen Service-Leistungen seines Teams und damit seines Managements.<br \/><br clear=\"all\"><\/p>\n<p><!-- \/wp:paragraph --><\/p>\n<p><!-- wp:image {\"id\":1332,\"linkDestination\":\"custom\",\"align\":\"left\"} --><\/p>\n<figure class=\"wp-block-image alignleft\"><a href=\"https:\/\/edidactics.at\/wp-content\/uploads\/2019\/07\/Orthaber_150x200.png\"><img loading=\"lazy\" decoding=\"async\" width=\"150\" height=\"200\" src=\"https:\/\/edidactics.at\/wp-content\/uploads\/2019\/07\/Orthaber_150x200.png\" alt=\"\" class=\"wp-image-1332\"\/><\/a><\/figure>\n<p><!-- \/wp:image --><\/p>\n<p><!-- wp:paragraph --><\/p>\n<p id=\"orthaber\"><strong>Markus Orthaber<\/strong><\/p>\n<p><!-- \/wp:paragraph --><\/p>\n<p><!-- wp:paragraph --><\/p>\n<p>Montanuniversit\u00e4t Leoben<\/p>\n<p><!-- \/wp:paragraph --><\/p>\n<p><!-- wp:paragraph --><\/p>\n<p>Markus Orthaber ist Senior Lecturer am Institut f\u00fcr Mechanik an der Montanuniversit\u00e4t Leoben und dort intensiv in den Lehr- und Pr\u00fcfungsbetrieb eingebunden. Er besch\u00e4ftigt sich seit Jahren ausf\u00fchrlich mit Blended Learning und Flipped Classroom Szenarien in der technischen Mechanik. Ein Spezialgebiet ist dabei das elektronische Pr\u00fcfen arbeitsintensiver Rechenbeispiele nicht nur in echten Pr\u00fcfungsszenarien, sondern auch in Form von Mastery-Test in der Flipped Classroom Lehre. Weitere Infos unter <a href=\"https:\/\/maomech.wordpress.com\/\" target=\"_blank\" rel=\"noopener noreferrer\">maomech.wordpress.com<\/a>.<br \/><br clear=\"all\"><\/p>\n<p><!-- \/wp:paragraph --><\/p>\n<p><!-- wp:image {\"id\":790,\"linkDestination\":\"custom\",\"align\":\"left\"} --><\/p>\n<figure class=\"wp-block-image alignleft\"><a href=\"https:\/\/edidactics.at\/wp-content\/uploads\/2018\/03\/Sfiri_200x150.jpg\"><img decoding=\"async\" src=\"https:\/\/edidactics.at\/wp-content\/uploads\/2018\/03\/Sfiri_200x150.jpg\" alt=\"\" class=\"wp-image-790\"\/><\/a><\/figure>\n<p><!-- \/wp:image --><\/p>\n<p><!-- wp:paragraph --><\/p>\n<p id=\"sfiri\"><strong>Anastasia Sfiri<\/strong><\/p>\n<p><!-- \/wp:paragraph --><\/p>\n<p><!-- wp:paragraph --><\/p>\n<p>Fachhochschule Joanneum<\/p>\n<p><!-- \/wp:paragraph --><\/p>\n<p><!-- wp:paragraph --><\/p>\n<p>Anastasia Sfiri, MSc. BSc. hat Psychologie und Human Communication and Computing studiert und ist seit 2003 am ZML-Innovative Lernszenarien der FH JOANNEUM als E-Learning Expertin t\u00e4tig. Seit 2007 ist sie ausgebildete E-Moderatorin und verwendet den E-Moderationsansatz in der Lehre, bei Fortbildungen f\u00fcr Lehrende und der Konzeption, Entwicklung und Durchf\u00fchrung von Online-Kursen, sowie in zahlreichen nationalen und internationalen Projekten.<br \/><br clear=\"all\"><\/p>\n<p><!-- \/wp:paragraph --><\/p>\n<p><!-- wp:image {\"id\":1751,\"sizeSlug\":\"full\",\"linkDestination\":\"custom\",\"align\":\"left\"} --><\/p>\n<figure class=\"wp-block-image alignleft size-full\"><img loading=\"lazy\" decoding=\"async\" width=\"150\" height=\"200\" src=\"https:\/\/edidactics.at\/wp-content\/uploads\/2024\/12\/mkt_150x200.jpg\" alt=\"\" class=\"wp-image-1751\"\/><\/figure>\n<p><!-- \/wp:image --><\/p>\n<p><!-- wp:paragraph --><\/p>\n<p id=\"mkt\"><strong>Magdalena Krieber-Tomantschger<\/strong><\/p>\n<p><!-- \/wp:paragraph --><\/p>\n<p><!-- wp:paragraph --><\/p>\n<p>Medizinische Universit\u00e4t Graz<\/p>\n<p><!-- \/wp:paragraph --><\/p>\n<p><!-- wp:paragraph --><\/p>\n<p>Magdalena Krieber-Tomantschger ist stellvertretende Leiterin der OE Studienmanagement an der Medizinischen Universit\u00e4t Graz und Leiterin des Fachbereichs \u201ePr\u00fcfungen administrieren\u201c. Zu ihren Aufgaben z\u00e4hlt die Weiterentwicklung eines standardisierten Pr\u00fcfungssystems, die Qualit\u00e4tssicherung von Pr\u00fcfungen und die Abhaltung von Weiterbildungen und Schulungen f\u00fcr Pr\u00fcfungsverantwortliche.<br \/><br clear=\"all\"><\/p>\n<p><!-- \/wp:paragraph --><\/p>\n<p><!-- wp:image {\"id\":790,\"linkDestination\":\"custom\",\"align\":\"left\"} --><\/p>\n<figure class=\"wp-block-image alignleft\"><a href=\"https:\/\/edidactics.at\/wp-content\/uploads\/2018\/01\/Teufel_150x200.jpg\"><img decoding=\"async\" src=\"https:\/\/edidactics.at\/wp-content\/uploads\/2018\/01\/Teufel_150x200.jpg\" alt=\"\" class=\"wp-image-790\"\/><\/a><\/figure>\n<p><!-- \/wp:image --><\/p>\n<p><!-- wp:paragraph --><\/p>\n<p id=\"teufel\"><strong>Martin Teufel<\/strong><\/p>\n<p><!-- \/wp:paragraph --><\/p>\n<p><!-- wp:paragraph --><\/p>\n<p>P\u00e4dagogischen Hochschule Steiermark<\/p>\n<p><!-- \/wp:paragraph --><\/p>\n<p><!-- wp:paragraph --><\/p>\n<p>Martin Teufel leitet das Instituts f\u00fcr Digitale Kompetenz und Medienp\u00e4dagogik an der P\u00e4dagogischen Hochschule Steiermark und ist f\u00fcr die Entwicklung von p\u00e4dagogisch-didaktisch Konzepten f\u00fcr den Einsatz neuer Medien in Forschung und Lehre zust\u00e4ndig. Er lehrt und forscht in den Bereichen der IT und Medien, Fachdidaktik, Schulpraxis und mobilem Lernen.<\/p>\n<p><!-- \/wp:paragraph --><\/p>\n<p><!-- wp:paragraph --><\/p>\n<p><!-- \/wp:paragraph --><\/p>\n","protected":false},"author":4,"featured_media":0,"parent":0,"menu_order":0,"comment_status":"closed","ping_status":"closed","template":"","meta":{"footnotes":""},"class_list":["post-719","page","type-page","status-publish","hentry"],"_links":{"self":[{"href":"https:\/\/edidactics.at\/index.php?rest_route=\/wp\/v2\/pages\/719","targetHints":{"allow":["GET"]}}],"collection":[{"href":"https:\/\/edidactics.at\/index.php?rest_route=\/wp\/v2\/pages"}],"about":[{"href":"https:\/\/edidactics.at\/index.php?rest_route=\/wp\/v2\/types\/page"}],"author":[{"embeddable":true,"href":"https:\/\/edidactics.at\/index.php?rest_route=\/wp\/v2\/users\/4"}],"replies":[{"embeddable":true,"href":"https:\/\/edidactics.at\/index.php?rest_route=%2Fwp%2Fv2%2Fcomments&post=719"}],"version-history":[{"count":62,"href":"https:\/\/edidactics.at\/index.php?rest_route=\/wp\/v2\/pages\/719\/revisions"}],"predecessor-version":[{"id":1855,"href":"https:\/\/edidactics.at\/index.php?rest_route=\/wp\/v2\/pages\/719\/revisions\/1855"}],"wp:attachment":[{"href":"https:\/\/edidactics.at\/index.php?rest_route=%2Fwp%2Fv2%2Fmedia&parent=719"}],"curies":[{"name":"wp","href":"https:\/\/api.w.org\/{rel}","templated":true}]}}