{"id":55,"date":"2015-05-25T11:52:45","date_gmt":"2015-05-25T09:52:45","guid":{"rendered":"http:\/\/edidactics.at\/?page_id=55"},"modified":"2020-01-30T10:09:51","modified_gmt":"2020-01-30T09:09:51","slug":"impressum","status":"publish","type":"page","link":"https:\/\/edidactics.at\/?page_id=55","title":{"rendered":"Impressum"},"content":{"rendered":"<p>F\u00fcr den Inhalt verantwortlich:\u00a0Steirische Hochschulkonferenz<\/p>\n<p>Zentrale Verwaltung:<br \/>\nUniversit\u00e4t Graz<br \/>\nZentrum f\u00fcr digitales Lehren und Lernen<br \/>\nLiebiggasse 9, 2. Stock<br \/>\nA-8010 Graz<\/p>\n<p>+43 316 380 1062<br \/>\n<a href=\"mailto:michael.kopp@uni-graz.at\">michael.kopp@uni-graz.at<\/a><\/p>\n<h6>Aufsichtsbeh\u00f6rde<\/h6>\n<p><a href=\"http:\/\/www.bmbwf.gv.at\/\" target=\"_blank\" rel=\"noopener noreferrer\">Bundesministerium f\u00fcr Bildung, Wissenschaft und Forschung<\/a><\/p>\n<h6>Technische Umsetzung<\/h6>\n<p><a href=\"https:\/\/digitales.uni-graz.at\" target=\"_blank\" rel=\"noopener noreferrer\">Zentrum f\u00fcr digitales Lehren und Lernen<br \/>\n<\/a>System hosted at <a href=\"https:\/\/www.uni-graz.at\" target=\"_blank\" rel=\"noopener noreferrer\">University of Graz<\/a><\/p>\n<h6>Haftungshinweis<\/h6>\n<p>Trotz sorgf\u00e4ltiger inhaltlicher Kontrolle \u00fcbernehmen wir keine Haftung f\u00fcr die Inhalte externer Links. F\u00fcr den Inhalt der verlinkten Seiten sind ausschlie\u00dflich deren Betreiber verantwortlich.<\/p>\n<p>Powered by <a title=\"WordPress\" href=\"http:\/\/wordpress.org\" target=\"_blank\" rel=\"noopener noreferrer\">WordPress<\/a><br \/>\nTheme based on Ample by <a title=\"ThemeGrill\" href=\"http:\/\/themegrill.com\/themes\/ample\" target=\"_blank\" rel=\"designer noopener noreferrer\">ThemeGrill<\/a><\/p>\n","protected":false},"excerpt":{"rendered":"<p>F\u00fcr den Inhalt verantwortlich:\u00a0Steirische Hochschulkonferenz<\/p>\n<p>Zentrale Verwaltung:<br \/>\nUniversit\u00e4t Graz<br \/>\nZentrum f\u00fcr digitales Lehren und Lernen<br \/>\nLiebiggasse 9, 2. Stock<br \/>\nA-8010 Graz<\/p>\n<p>+43 316 380 1062<br \/>\n<a href=\"mailto:michael.kopp@uni-graz.at\">michael.kopp@uni-graz.at<\/a><\/p>\n<h6>Aufsichtsbeh\u00f6rde<\/h6>\n<p><a href=\"http:\/\/www.bmbwf.gv.at\/\" target=\"_blank\" rel=\"noopener noreferrer\">Bundesministerium f\u00fcr Bildung, Wissenschaft und Forschung<\/a><\/p>\n<h6>Technische Umsetzung<\/h6>\n<p><a href=\"https:\/\/digitales.uni-graz.at\" target=\"_blank\" rel=\"noopener noreferrer\">Zentrum f\u00fcr digitales Lehren und Lernen<br \/>\n<\/a>System hosted at <a href=\"https:\/\/www.uni-graz.at\" target=\"_blank\" rel=\"noopener noreferrer\">University of Graz<\/a><\/p>\n<h6>Haftungshinweis<\/h6>\n<p>Trotz sorgf\u00e4ltiger inhaltlicher Kontrolle \u00fcbernehmen wir keine Haftung f\u00fcr die Inhalte externer Links. F\u00fcr den Inhalt der verlinkten Seiten sind ausschlie\u00dflich deren Betreiber verantwortlich.<\/p>\n<p>Powered by <a title=\"WordPress\" href=\"http:\/\/wordpress.org\" target=\"_blank\" rel=\"noopener noreferrer\">WordPress<\/a><br \/>\nTheme based on Ample by <a title=\"ThemeGrill\" href=\"http:\/\/themegrill.com\/themes\/ample\" target=\"_blank\" rel=\"designer noopener noreferrer\">ThemeGrill<\/a><\/p>\n","protected":false},"author":2,"featured_media":0,"parent":0,"menu_order":0,"comment_status":"closed","ping_status":"closed","template":"","meta":{"footnotes":""},"class_list":["post-55","page","type-page","status-publish","hentry"],"_links":{"self":[{"href":"https:\/\/edidactics.at\/index.php?rest_route=\/wp\/v2\/pages\/55","targetHints":{"allow":["GET"]}}],"collection":[{"href":"https:\/\/edidactics.at\/index.php?rest_route=\/wp\/v2\/pages"}],"about":[{"href":"https:\/\/edidactics.at\/index.php?rest_route=\/wp\/v2\/types\/page"}],"author":[{"embeddable":true,"href":"https:\/\/edidactics.at\/index.php?rest_route=\/wp\/v2\/users\/2"}],"replies":[{"embeddable":true,"href":"https:\/\/edidactics.at\/index.php?rest_route=%2Fwp%2Fv2%2Fcomments&post=55"}],"version-history":[{"count":22,"href":"https:\/\/edidactics.at\/index.php?rest_route=\/wp\/v2\/pages\/55\/revisions"}],"predecessor-version":[{"id":1392,"href":"https:\/\/edidactics.at\/index.php?rest_route=\/wp\/v2\/pages\/55\/revisions\/1392"}],"wp:attachment":[{"href":"https:\/\/edidactics.at\/index.php?rest_route=%2Fwp%2Fv2%2Fmedia&parent=55"}],"curies":[{"name":"wp","href":"https:\/\/api.w.org\/{rel}","templated":true}]}}