{"id":21,"date":"2015-05-25T10:58:59","date_gmt":"2015-05-25T08:58:59","guid":{"rendered":"http:\/\/edidactics.at\/?page_id=21"},"modified":"2025-02-28T07:44:30","modified_gmt":"2025-02-28T06:44:30","slug":"about-edidactics","status":"publish","type":"page","link":"https:\/\/edidactics.at\/?page_id=21","title":{"rendered":"Informationen \u00fcber eDidactics"},"content":{"rendered":"\n<p><strong>Programmstruktur<\/strong><br>Jedes Modul wird einmal pro Studienjahr angeboten. Die aktuell angebotenen Termine finden Sie in den jeweiligen Modulbeschreibungen.<br><br><strong>Kosten<\/strong><br>Zertifikat (Absolvierung des Fortbildungsprogramms, mindestens 6 ECTS): 900 Euro<br>Modul-Einzelbuchung (pro Modul): 300 Euro<br>Die Teilnahmegeb\u00fchr ist nach Rechnungslegung innerhalb von 21 Tagen in voller H\u00f6he und auf einmal zu entrichten. Die Rechnungslegung erfolgt in der Regel einige Tage nach der Anmeldung.<br><br><strong>Zielgruppe<\/strong><br>Hochschullehrende des steirischen Hochschulraumes, die w\u00e4hrend der gesamten Teilnahme an eDidactics ein aufrechtes Dienstverh\u00e4ltnis an einer steirischen Hochschule haben. Sonstige am Fortbildungsprogramm Interessierte haben die M\u00f6glichkeit, einzelne Module zu besuchen, eine Teilnahme am gesamten Programm ist f\u00fcr diese Personengruppe leider nicht m\u00f6glich.<\/p>\n\n\n\n<p><strong>Lehr-\/Lernsetting<\/strong><br>Die Module werden weitgehend in einer Kombination aus Pr\u00e4senz- und Online-Phasen (Blended Learning) angeboten.<br><br><strong>Vertretung durch Kolleg:innen<\/strong><br>Es ist leider nicht m\u00f6glich, sich als Teilnehmer:in von Kolleg:innen vertreten zu lassen. Alle Module m\u00fcssen von der\/dem Teilnehmer:in pers\u00f6nlich besucht und absolviert werden.<br><br><strong>Teilnahmebest\u00e4tigungen \/ Zertifikat<br><\/strong>Die Teilnahmebest\u00e4tigungen f\u00fcr erfolgreich absolvierte Module werden von den Modulverantwortlichen mit einer elektronischen Unterschrift versehen und per E-Mail versandt.<br>Um das von der Steirischen Hochschulkonferenz ausgestellte Zertifikat zu erlangen, m\u00fcssen innerhalb von drei Studienjahren Module im Gesamtausma\u00df von mindestens sechs ECTS-Credits erfolgreich absolviert werden. Das Modul &#8222;Umgang mit der lehr-\/lernrelevanten hausinternen Hard- und Software&#8220; ist f\u00fcr alle Teilnehmer:innen verpflichtend.<br>Das Zertifikat wird ausgestellt, sobald die oben beschriebene Bedingung erf\u00fcllt ist und die\/der Teilnehmer:in keine weiteren Module mehr gebucht hat. Das Zertifikat wird in ausgedruckter Form per Post an die bei der Registrierung angegebene Adresse versandt.<\/p>\n","protected":false},"excerpt":{"rendered":"<p><!-- wp:paragraph --><\/p>\n<p><strong>Programmstruktur<\/strong><br \/>Jedes Modul wird einmal pro Studienjahr angeboten. Die aktuell angebotenen Termine finden Sie in den jeweiligen Modulbeschreibungen.<\/p>\n<p><strong>Kosten<\/strong><br \/>Zertifikat (Absolvierung des Fortbildungsprogramms, mindestens 6 ECTS): 900 Euro<br \/>Modul-Einzelbuchung (pro Modul): 300 Euro<br \/>Die Teilnahmegeb\u00fchr ist nach Rechnungslegung innerhalb von 21 Tagen in voller H\u00f6he und auf einmal zu entrichten. Die Rechnungslegung erfolgt in der Regel einige Tage nach der Anmeldung.<\/p>\n<p><strong>Zielgruppe<\/strong><br \/>Hochschullehrende des steirischen Hochschulraumes, die w\u00e4hrend der gesamten Teilnahme an eDidactics ein aufrechtes Dienstverh\u00e4ltnis an einer steirischen Hochschule haben. Sonstige am Fortbildungsprogramm Interessierte haben die M\u00f6glichkeit, einzelne Module zu besuchen, eine Teilnahme am gesamten Programm ist f\u00fcr diese Personengruppe leider nicht m\u00f6glich.<\/p>\n<p><!-- \/wp:paragraph --><\/p>\n<p><!-- wp:paragraph --><\/p>\n<p><strong>Lehr-\/Lernsetting<\/strong><br \/>Die Module werden weitgehend in einer Kombination aus Pr\u00e4senz- und Online-Phasen (Blended Learning) angeboten.<\/p>\n<p><strong>Vertretung durch Kolleg:innen<\/strong><br \/>Es ist leider nicht m\u00f6glich, sich als Teilnehmer:in von Kolleg:innen vertreten zu lassen. Alle Module m\u00fcssen von der\/dem Teilnehmer:in pers\u00f6nlich besucht und absolviert werden.<\/p>\n<p><strong>Teilnahmebest\u00e4tigungen \/ Zertifikat<br \/><\/strong>Die Teilnahmebest\u00e4tigungen f\u00fcr erfolgreich absolvierte Module werden von den Modulverantwortlichen mit einer elektronischen Unterschrift versehen und per E-Mail versandt.<br \/>Um das von der Steirischen Hochschulkonferenz ausgestellte Zertifikat zu erlangen, m\u00fcssen innerhalb von drei Studienjahren Module im Gesamtausma\u00df von mindestens sechs ECTS-Credits erfolgreich absolviert werden. Das Modul &#8222;Umgang mit der lehr-\/lernrelevanten hausinternen Hard- und Software&#8220; ist f\u00fcr alle Teilnehmer:innen verpflichtend.<br \/>Das Zertifikat wird ausgestellt, sobald die oben beschriebene Bedingung erf\u00fcllt ist und die\/der Teilnehmer:in keine weiteren Module mehr gebucht hat. Das Zertifikat wird in ausgedruckter Form per Post an die bei der Registrierung angegebene Adresse versandt.<\/p>\n<p><!-- \/wp:paragraph --><\/p>\n","protected":false},"author":2,"featured_media":0,"parent":0,"menu_order":0,"comment_status":"closed","ping_status":"closed","template":"","meta":{"footnotes":""},"class_list":["post-21","page","type-page","status-publish","hentry"],"_links":{"self":[{"href":"https:\/\/edidactics.at\/index.php?rest_route=\/wp\/v2\/pages\/21","targetHints":{"allow":["GET"]}}],"collection":[{"href":"https:\/\/edidactics.at\/index.php?rest_route=\/wp\/v2\/pages"}],"about":[{"href":"https:\/\/edidactics.at\/index.php?rest_route=\/wp\/v2\/types\/page"}],"author":[{"embeddable":true,"href":"https:\/\/edidactics.at\/index.php?rest_route=\/wp\/v2\/users\/2"}],"replies":[{"embeddable":true,"href":"https:\/\/edidactics.at\/index.php?rest_route=%2Fwp%2Fv2%2Fcomments&post=21"}],"version-history":[{"count":40,"href":"https:\/\/edidactics.at\/index.php?rest_route=\/wp\/v2\/pages\/21\/revisions"}],"predecessor-version":[{"id":1802,"href":"https:\/\/edidactics.at\/index.php?rest_route=\/wp\/v2\/pages\/21\/revisions\/1802"}],"wp:attachment":[{"href":"https:\/\/edidactics.at\/index.php?rest_route=%2Fwp%2Fv2%2Fmedia&parent=21"}],"curies":[{"name":"wp","href":"https:\/\/api.w.org\/{rel}","templated":true}]}}